{"id":224,"date":"2021-06-21T11:42:23","date_gmt":"2021-06-21T09:42:23","guid":{"rendered":"https:\/\/plm-developpement.fr\/?page_id=224"},"modified":"2021-06-28T09:31:55","modified_gmt":"2021-06-28T07:31:55","slug":"contact","status":"publish","type":"page","link":"https:\/\/plm-developpement.fr\/index.php\/contact\/","title":{"rendered":"Contact"},"content":{"rendered":"<div class=\"wpforms-container wpforms-container-full wpforms-block\" id=\"wpforms-286\"><form id=\"wpforms-form-286\" class=\"wpforms-validate wpforms-form\" data-formid=\"286\" method=\"post\" enctype=\"multipart\/form-data\" action=\"\/index.php\/wp-json\/wp\/v2\/pages\/224\" data-token=\"764f3e11b423916027c1e0b01019880b\" data-token-time=\"1777736875\"><noscript class=\"wpforms-error-noscript\">Veuillez activer JavaScript dans votre navigateur pour remplir ce formulaire.<\/noscript><div class=\"wpforms-field-container\"><div id=\"wpforms-286-field_0-container\" class=\"wpforms-field wpforms-field-name\" data-field-id=\"0\"><label class=\"wpforms-field-label\">Nom <span class=\"wpforms-required-label\">*<\/span><\/label><div class=\"wpforms-field-row wpforms-field-medium\"><div class=\"wpforms-field-row-block wpforms-first wpforms-one-half\"><input type=\"text\" id=\"wpforms-286-field_0\" class=\"wpforms-field-name-first wpforms-field-required\" name=\"wpforms[fields][0][first]\" required><label for=\"wpforms-286-field_0\" class=\"wpforms-field-sublabel after\">Pr\u00e9nom<\/label><\/div><div class=\"wpforms-field-row-block wpforms-one-half\"><input type=\"text\" id=\"wpforms-286-field_0-last\" class=\"wpforms-field-name-last wpforms-field-required\" name=\"wpforms[fields][0][last]\" required><label for=\"wpforms-286-field_0-last\" class=\"wpforms-field-sublabel after\">Nom<\/label><\/div><\/div><div class=\"wpforms-field-description\">Champs obligatoire<\/div><\/div><div id=\"wpforms-286-field_13-container\" class=\"wpforms-field wpforms-field-text\" data-field-id=\"13\"><label class=\"wpforms-field-label\" for=\"wpforms-286-field_13\">Ville <span class=\"wpforms-required-label\">*<\/span><\/label><input type=\"text\" id=\"wpforms-286-field_13\" class=\"wpforms-field-small wpforms-field-required\" name=\"wpforms[fields][13]\" required><div class=\"wpforms-field-description\">Champs obligatoire<\/div><\/div><div id=\"wpforms-286-field_1-container\" class=\"wpforms-field wpforms-field-email\" data-field-id=\"1\"><label class=\"wpforms-field-label\" for=\"wpforms-286-field_1\">E-mail <span class=\"wpforms-required-label\">*<\/span><\/label><input type=\"email\" id=\"wpforms-286-field_1\" class=\"wpforms-field-medium wpforms-field-required\" name=\"wpforms[fields][1]\" spellcheck=\"false\" required><div class=\"wpforms-field-description\">Champs obligatoire<\/div><\/div><div id=\"wpforms-286-field_11-container\" class=\"wpforms-field wpforms-field-checkbox\" data-field-id=\"11\"><label class=\"wpforms-field-label\">Demande d&#039;informations<\/label><ul id=\"wpforms-286-field_11\"><li class=\"choice-1 depth-1\"><input type=\"checkbox\" id=\"wpforms-286-field_11_1\" name=\"wpforms[fields][11][]\" value=\"Electricit\u00e9\"  ><label class=\"wpforms-field-label-inline\" for=\"wpforms-286-field_11_1\">Electricit\u00e9<\/label><\/li><li class=\"choice-2 depth-1\"><input type=\"checkbox\" id=\"wpforms-286-field_11_2\" name=\"wpforms[fields][11][]\" value=\"D\u00e9tecteur de fum\u00e9e\"  ><label class=\"wpforms-field-label-inline\" for=\"wpforms-286-field_11_2\">D\u00e9tecteur de fum\u00e9e<\/label><\/li><li class=\"choice-3 depth-1\"><input type=\"checkbox\" id=\"wpforms-286-field_11_3\" name=\"wpforms[fields][11][]\" value=\"Portier audio ou vid\u00e9o\"  ><label class=\"wpforms-field-label-inline\" for=\"wpforms-286-field_11_3\">Portier audio ou vid\u00e9o<\/label><\/li><li class=\"choice-4 depth-1\"><input type=\"checkbox\" id=\"wpforms-286-field_11_4\" name=\"wpforms[fields][11][]\" value=\"Alarme\"  ><label class=\"wpforms-field-label-inline\" for=\"wpforms-286-field_11_4\">Alarme<\/label><\/li><\/ul><\/div><div id=\"wpforms-286-field_3-container\" class=\"wpforms-field wpforms-field-checkbox\" data-field-id=\"3\"><label class=\"wpforms-field-label\">RGPD Protection des donn\u00e9es personnelles <span class=\"wpforms-required-label\">*<\/span><\/label><ul id=\"wpforms-286-field_3\" class=\"wpforms-field-required\"><li class=\"choice-1 depth-1 wpforms-selected\"><input type=\"checkbox\" id=\"wpforms-286-field_3_1\" name=\"wpforms[fields][3][]\" value=\"J&#039;ai lu et j&#039;accepte\" required  checked='checked'><label class=\"wpforms-field-label-inline\" for=\"wpforms-286-field_3_1\">J&rsquo;ai lu et j&rsquo;accepte<\/label><\/li><\/ul><div class=\"wpforms-field-description\">Les donn\u00e9es collect\u00e9es sont faites pour notre utilisation personnelle et ne seront en aucun divulgu\u00e9es ou revendues.\r\nVous pouvez demander la modifications ou le retrait des donn\u00e9es \u00e0 info@plm-developpement.com<\/div><\/div><\/div><!-- .wpforms-field-container --><div class=\"wpforms-submit-container\" ><input type=\"hidden\" name=\"wpforms[id]\" value=\"286\"><input type=\"hidden\" name=\"page_title\" value=\"\"><input type=\"hidden\" name=\"page_url\" value=\"https:\/\/plm-developpement.fr\/index.php\/wp-json\/wp\/v2\/pages\/224\"><input type=\"hidden\" name=\"url_referer\" value=\"\"><button type=\"submit\" name=\"wpforms[submit]\" id=\"wpforms-submit-286\" class=\"wpforms-submit\" data-alt-text=\"Envoi...\" data-submit-text=\"Envoyer\" aria-live=\"assertive\" value=\"wpforms-submit\">Envoyer<\/button><\/div><\/form><\/div>  <!-- .wpforms-container -->","protected":false},"excerpt":{"rendered":"<p> <a class=\"continue-reading-link\" href=\"https:\/\/plm-developpement.fr\/index.php\/contact\/\"><span>Continue reading<\/span><i class=\"crycon-right-dir\"><\/i><\/a> <\/p>\n","protected":false},"author":1,"featured_media":0,"parent":0,"menu_order":0,"comment_status":"closed","ping_status":"closed","template":"","meta":{"_uag_custom_page_level_css":"","footnotes":""},"class_list":["post-224","page","type-page","status-publish","hentry"],"uagb_featured_image_src":{"full":false,"thumbnail":false,"medium":false,"medium_large":false,"large":false,"1536x1536":false,"2048x2048":false,"post-thumbnail":false,"header":false,"slider":false,"columns":false,"custom":false,"jetpack-portfolio-admin-thumb":false},"uagb_author_info":{"display_name":"admin9051","author_link":"https:\/\/plm-developpement.fr\/index.php\/author\/admin9051\/"},"uagb_comment_info":0,"uagb_excerpt":"Continue reading","jetpack_sharing_enabled":true,"_links":{"self":[{"href":"https:\/\/plm-developpement.fr\/index.php\/wp-json\/wp\/v2\/pages\/224","targetHints":{"allow":["GET"]}}],"collection":[{"href":"https:\/\/plm-developpement.fr\/index.php\/wp-json\/wp\/v2\/pages"}],"about":[{"href":"https:\/\/plm-developpement.fr\/index.php\/wp-json\/wp\/v2\/types\/page"}],"author":[{"embeddable":true,"href":"https:\/\/plm-developpement.fr\/index.php\/wp-json\/wp\/v2\/users\/1"}],"replies":[{"embeddable":true,"href":"https:\/\/plm-developpement.fr\/index.php\/wp-json\/wp\/v2\/comments?post=224"}],"version-history":[{"count":5,"href":"https:\/\/plm-developpement.fr\/index.php\/wp-json\/wp\/v2\/pages\/224\/revisions"}],"predecessor-version":[{"id":295,"href":"https:\/\/plm-developpement.fr\/index.php\/wp-json\/wp\/v2\/pages\/224\/revisions\/295"}],"wp:attachment":[{"href":"https:\/\/plm-developpement.fr\/index.php\/wp-json\/wp\/v2\/media?parent=224"}],"curies":[{"name":"wp","href":"https:\/\/api.w.org\/{rel}","templated":true}]}}