{"id":296,"date":"2021-06-28T10:49:39","date_gmt":"2021-06-28T08:49:39","guid":{"rendered":"https:\/\/plm-developpement.fr\/?page_id=296"},"modified":"2021-06-28T12:14:56","modified_gmt":"2021-06-28T10:14:56","slug":"avez-vous-besoin-des-services-dun-artisan-electricien-a-lille","status":"publish","type":"page","link":"https:\/\/plm-developpement.fr\/index.php\/avez-vous-besoin-des-services-dun-artisan-electricien-a-lille\/","title":{"rendered":"Avez vous Besoin des services d\u2019un artisan \u00e9lectricien \u00e0 Lille ?"},"content":{"rendered":"\n<p><span style=\"font-family: arial, helvetica, sans-serif;\"><strong>Avez vous Besoin des services d\u2019un artisan \u00e9lectricien \u00e0 Lille ?<\/strong><br \/><\/span><span style=\"font-family: arial, helvetica, sans-serif;\">Parfois, une personne est juste besoin des services d\u2019un artisan \u00e9lectricien \u00e0 Lille honn\u00eate et bon dans son m\u00e9tier.<br \/><\/span><span style=\"font-family: arial, helvetica, sans-serif;\">Ne soyez pas g\u00ean\u00e9, cela arrive \u00e0 tout le monde, apr\u00e8s tout, mais saviez-vous que le service d\u2019un artisan \u00e9lectricien \u00e0 Lille est non seulement pour les coupures d\u2019\u00e9lectricit\u00e9 bizarres et autres ? Ils effectuent \u00e9galement des contr\u00f4les d\u2019entretien du tableau principal d&rsquo;une personne pour un prix forfaitaire.<\/span><\/p>\n<p><span style=\"font-family: arial, helvetica, sans-serif;\">Il y a beaucoup de raisons pour lesquelles votre artisan \u00e9lectricien \u00e0 Lille doit toujours \u00eatre sur le qui vive, cela est tout simplement du aux urgences qu\u2019il doit parfois faire face.<br \/><\/span><span style=\"font-family: arial, helvetica, sans-serif;\">Un travail d\u2019\u00e9lectricit\u00e9 est g\u00e9n\u00e9ralement g\u00e9r\u00e9 par un artisan \u00e9lectricien \u00e0 Lille ou un ma\u00eetre \u00e9lectricien \u00e0 Lille. Il est g\u00e9n\u00e9ralement assez facile de trouver les services d\u2019un artisan \u00e9lectricien \u00e0 Lille dans sa commune.<br \/><\/span><span style=\"font-family: arial, helvetica, sans-serif;\">En fait, une personne aurait \u00e0 regarder tous les services qu\u2019offre l\u2019artisan \u00e9lectricien \u00e0 Lille au moment de d\u00e9cider lequel pourrait travailler pour elle.<\/span><\/p>\n<p><span style=\"font-family: arial, helvetica, sans-serif;\">Un \u00e9lectricien \u00e0 Lille fournit diff\u00e9rents types d\u2019intervention\u00a0: des travaux d&rsquo;entretien, y compris l&rsquo;installation et la r\u00e9paration des lignes d\u2019alimentation, la pose des appareillages indispensables pour la bonne marche de votre installation \u00e9lectrique.<br \/><\/span><span style=\"font-family: arial, helvetica, sans-serif;\">Un \u00e9lectricien \u00e0 Lille d&rsquo;urgence peut \u00e9galement fournir un service dans divers domaines tels que les b\u00e2timents r\u00e9sidentiels, commerciaux, institutionnels et industriels.<br \/><\/span><span style=\"font-family: arial, helvetica, sans-serif;\">Ceux qui d\u00e9marrent comme artisan \u00e9lectricien \u00e0 Lille doivent g\u00e9n\u00e9ralement faire plus de cinq ann\u00e9es d&rsquo;\u00e9tudes, passer le dipl\u00f4me et travailler en entreprise pour acqu\u00e9rir une exp\u00e9rience avant de devenir un artisan \u00e9lectricien \u00e0 Lille agr\u00e9\u00e9.<\/span><\/p>\n<p><span style=\"font-family: arial, helvetica, sans-serif;\">\u00c9tonnamment, malgr\u00e9 cette t\u00e2che difficile, il est assez facile de trouver un artisan \u00e9lectricien \u00e0 Lille. Le plus souvent l\u2019artisan \u00e9lectricien \u00e0 Lille sera une petite entreprise familiale. Les petites entreprises sont plus nombreuses que les grandes entreprises d\u2019\u00e9lectricit\u00e9.<br \/><\/span><span style=\"font-family: arial, helvetica, sans-serif;\">En fait, la plupart des artisans \u00e9lectricien \u00e0 Lille offrent \u00e9galement des services suppl\u00e9mentaires.<br \/><\/span><span style=\"font-family: arial, helvetica, sans-serif;\">Cependant, toutes les interventions que fait l\u2019artisan \u00e9lectricien \u00e0 Lille sont indiqu\u00e9es ainsi que leurs sp\u00e9cialit\u00e9s dans leurs annonces publicitaires et si ce n\u2019est pas le cas, les questions sont g\u00e9n\u00e9ralement les bienvenus et il vous r\u00e9pond rapidement.<\/span><\/p>\n<p><span style=\"font-family: arial, helvetica, sans-serif;\">Si vous cherchez \u00e0 trouver les services d\u2019un artisan \u00e9lectricien \u00e0 Lille d&rsquo;urgence dans votre r\u00e9gion, il est pr\u00e9f\u00e9rable de demander autour de vous.<br \/><\/span><span style=\"font-family: arial, helvetica, sans-serif;\">En g\u00e9n\u00e9ral, un membre de votre voisinage ou de la famille ou similaires pourra vous donner les coordonn\u00e9es d\u2019un bon artisan \u00e9lectricien \u00e0 Lille.<br \/><\/span><span style=\"font-family: arial, helvetica, sans-serif;\">Il est important d&rsquo;\u00e9couter les recommandations, car ils peuvent vous aider \u00e0 affiner les nombreux services offerts par un artisan \u00e9lectricien \u00e0 Lille agr\u00e9\u00e9s dans votre r\u00e9gion, qui seraient autrement plus difficile \u00e0 trouver.<\/span><\/p>\n<p><span style=\"font-family: arial, helvetica, sans-serif;\">Les services d\u2019un artisan \u00c9lectricien \u00e0 Lille auront un certain coup qui en finalit\u00e9 vous fera faire des \u00e9conomies car le travail sera effectu\u00e9 correctement. Il est certain que nous avons besoin d&rsquo;un bon nombre d\u2019artisan \u00e9lectricien .<br \/><\/span><span style=\"font-family: arial, helvetica, sans-serif;\">Je suis moi-m\u00eame un artisan \u00e9lectricien \u00e0 Lille, qui cr\u00e9e un contenu int\u00e9ressant et qualitative pour l\u2019am\u00e9lioration de l&rsquo;habitat et la construction. Je me concentre principalement sur les ressources certifi\u00e9es de r\u00e9novation \u00e0 domicile comme \u00e9lectricien \u00e0 Lille, \u00e9lectricien \u00e0 Lille d&rsquo;urgence, trouver un \u00e9lectricien, etc. J\u2019\u00e9cris des articles dans le but d\u2019informer les visiteurs.<br \/><br \/><\/span><span style=\"font-family: arial, helvetica, sans-serif;\">Certain de mes visiteurs qui recherche un artisan \u00e9lectricien \u00e0 Lille se plaigne aussi de ne pas pouvoir se payer les services d\u2019un artisan \u00e9lectricien \u00e0 Lille, c\u2019est la raison pour laquelle je veux vous dire que gr\u00e2ce \u00e0 internet et la publicit\u00e9 vous pouvez facilement vous octroyer les services d\u2019un bon artisan \u00e9lectricien \u00e0 Lille. Vous pouvez aussi me contacter <span style=\"text-decoration: underline;\"><strong><span style=\"color: #0000ff;\"><a style=\"color: #0000ff; text-decoration: underline;\" href=\"https:\/\/plm-developpement.fr\/index.php\/contact\/\">cliquez-ici<\/a><\/span><\/strong><\/span><\/span><\/p>\n<p><span style=\"font-family: arial, helvetica, sans-serif;\">Source de l&rsquo;article: http:\/\/EzineArticles.com\/expert\/Brandon_Hyd\/457506<\/span><\/p>\n","protected":false},"excerpt":{"rendered":"<p>Avez vous Besoin des services d\u2019un artisan \u00e9lectricien \u00e0 Lille ?Parfois, une personne est juste besoin des services d\u2019un artisan \u00e9lectricien \u00e0 Lille honn\u00eate et bon dans son m\u00e9tier.Ne soyez pas g\u00ean\u00e9, cela arrive \u00e0 tout le monde, apr\u00e8s tout, mais saviez-vous que le service d\u2019un artisan \u00e9lectricien \u00e0 Lille&#8230;<\/p>\n<p> <a class=\"continue-reading-link\" href=\"https:\/\/plm-developpement.fr\/index.php\/avez-vous-besoin-des-services-dun-artisan-electricien-a-lille\/\"><span>Continue reading<\/span><i class=\"crycon-right-dir\"><\/i><\/a> <\/p>\n","protected":false},"author":1,"featured_media":0,"parent":0,"menu_order":0,"comment_status":"closed","ping_status":"closed","template":"","meta":{"_uag_custom_page_level_css":"","footnotes":""},"class_list":["post-296","page","type-page","status-publish","hentry"],"uagb_featured_image_src":{"full":false,"thumbnail":false,"medium":false,"medium_large":false,"large":false,"1536x1536":false,"2048x2048":false,"post-thumbnail":false,"header":false,"slider":false,"columns":false,"custom":false,"jetpack-portfolio-admin-thumb":false},"uagb_author_info":{"display_name":"admin9051","author_link":"https:\/\/plm-developpement.fr\/index.php\/author\/admin9051\/"},"uagb_comment_info":0,"uagb_excerpt":"Avez vous Besoin des services d\u2019un artisan \u00e9lectricien \u00e0 Lille ?Parfois, une personne est juste besoin des services d\u2019un artisan \u00e9lectricien \u00e0 Lille honn\u00eate et bon dans son m\u00e9tier.Ne soyez pas g\u00ean\u00e9, cela arrive \u00e0 tout le monde, apr\u00e8s tout, mais saviez-vous que le service d\u2019un artisan \u00e9lectricien \u00e0 Lille... Continue reading","jetpack_sharing_enabled":true,"_links":{"self":[{"href":"https:\/\/plm-developpement.fr\/index.php\/wp-json\/wp\/v2\/pages\/296","targetHints":{"allow":["GET"]}}],"collection":[{"href":"https:\/\/plm-developpement.fr\/index.php\/wp-json\/wp\/v2\/pages"}],"about":[{"href":"https:\/\/plm-developpement.fr\/index.php\/wp-json\/wp\/v2\/types\/page"}],"author":[{"embeddable":true,"href":"https:\/\/plm-developpement.fr\/index.php\/wp-json\/wp\/v2\/users\/1"}],"replies":[{"embeddable":true,"href":"https:\/\/plm-developpement.fr\/index.php\/wp-json\/wp\/v2\/comments?post=296"}],"version-history":[{"count":6,"href":"https:\/\/plm-developpement.fr\/index.php\/wp-json\/wp\/v2\/pages\/296\/revisions"}],"predecessor-version":[{"id":308,"href":"https:\/\/plm-developpement.fr\/index.php\/wp-json\/wp\/v2\/pages\/296\/revisions\/308"}],"wp:attachment":[{"href":"https:\/\/plm-developpement.fr\/index.php\/wp-json\/wp\/v2\/media?parent=296"}],"curies":[{"name":"wp","href":"https:\/\/api.w.org\/{rel}","templated":true}]}}