{"id":305,"date":"2021-06-28T12:12:32","date_gmt":"2021-06-28T10:12:32","guid":{"rendered":"https:\/\/plm-developpement.fr\/?page_id=305"},"modified":"2021-06-28T14:38:22","modified_gmt":"2021-06-28T12:38:22","slug":"recherche-durgence-electricien","status":"publish","type":"page","link":"https:\/\/plm-developpement.fr\/index.php\/recherche-durgence-electricien\/","title":{"rendered":"RECHERCHE D\u2019URGENCE \u00c9LECTRICIEN"},"content":{"rendered":"\n<p><strong>Avez-vous vraiment besoin d&rsquo;un \u00e9lectricien d&rsquo;urgence ? <\/strong><br>Eh oui on recherche en urgence un \u00e9lectricien, si vous construisez votre maison, probablement pas, mais si \u00e0 l&rsquo;int\u00e9rieur de votre maison le courant se coupe soudainement et que vous ne pouvez plus r\u00e9tablir le courant, vous en avez besoin.<\/p>\n\n\n\n<p>Il y a sans aucun doute des pannes qui exigent les services d&rsquo;un \u00e9lectricien, par exemple lorsque votre r\u00e9frig\u00e9rateur n\u2019est plus aliment\u00e9 en \u00e9lectricit\u00e9, ou lorsque votre installateur de cuisine est chez vous et que vous avez besoin de mettre une nouvelle ligne \u00e9lectrique depuis le compteur pour votre nouvelle cuisine \u00e9quip\u00e9e&nbsp;; cette situation exige la recherche d\u2019urgence d\u2019un \u00e9lectricien. Comment savoir vous avez besoin des services ou non d\u2019un \u00e9lectricien en urgence?<\/p>\n\n\n\n<p><strong>Avez-vous vraiment besoin d&rsquo;un \u00e9lectricien d\u2019urgence ?<\/strong><br>Avant de contacter tout \u00e9lectricien, vous devez couper l&rsquo;alimentation \u00e9lectrique qui alimente l&rsquo;appareil. Cela permettra d&rsquo;\u00e9viter tout d\u00e9g\u00e2t plus important. Une fois que vous avez fait cela, \u00e9valuez la situation. <br>Si le probl\u00e8me est une lumi\u00e8re qui ne fonctionne plus, vous pouvez installer provisoirement une lampe sur une prise de courant et attendre le lendemain matin pour contacter un \u00e9lectricien. <\/p>\n\n\n\n<p>Vous pouvez alors \u00e9viter de payer le surcout qu\u2019il vous sera demand\u00e9, suite \u00e0 l\u2019intervention de l\u2019\u00e9lectricien pour la recherche de panne en urgence. <br>Si vous faites appel \u00e0 un service d\u2019urgence 24\/24 et que vous le faites en dehors des heures ouvrables comme apr\u00e8s 19 heure ou le week-end ou un jour de f\u00eate ou la nuit le tarif peut \u00eatre multipli\u00e9 par deux.<\/p>\n\n\n\n<p><strong>Appeler un \u00e9lectricien d&rsquo;urgence<\/strong><br>Toutefois, si votre probl\u00e8me d\u2019\u00e9lectricit\u00e9 ne peut pas \u00eatre mis temporairement en s\u00e9curit\u00e9. Vous devez vous pr\u00e9parer avant de rechercher un \u00e9lectricien d&rsquo;urgence afin de r\u00e9unir toutes les informations et les questions \u00e0 lui poser quand vous aurez enfin trouver un \u00e9lectricien en urgence.<\/p>\n\n\n\n<p>Avant d&rsquo;appeler le num\u00e9ro de l\u2019\u00e9lectricien d\u2019urgence, essayer d&rsquo;identifier les probl\u00e8mes aussi \u00e9troitement que possible. Les d\u00e9tails sp\u00e9cifiques \u00e0 la panne  seront importants et plus vous pourrez donner de pr\u00e9cision, plus l&rsquo;\u00e9lectricien sera en mesure d&rsquo;\u00e9valuer la situation d&rsquo;urgence et d&rsquo;estimer le co\u00fbt de la r\u00e9paration.<\/p>\n\n\n\n<p>Il est \u00e9galement important d&rsquo;appeler le num\u00e9ro de plusieurs \u00e9lectriciens d\u2019urgence si vous ne disposez pas encore d&rsquo;un \u00e9lectricien de choix. Vous serez en mesure d&rsquo;obtenir plusieurs devis car il pourrait avoir des diff\u00e9rences significatives dans les prix. Vous pouvez le faire sur internet en tapant \u00ab\u00a0recherche d\u2019urgence \u00e9lectricien\u00a0\u00bb pour avoir les num\u00e9ros de t\u00e9l\u00e9phone.<\/p>\n\n\n\n<p>\u00c9galement demander un devis pour le d\u00e9placement. Certains \u00e9lectriciens d\u2019urgence font payer pour simplement venir \u00e0 votre maison, m\u00eame s\u2019ils ne font pas toutes les r\u00e9parations. Assurez-vous de demander ce montant \u00e0 l&rsquo;avance, et ne pas \u00eatre surpris par cette somme dans votre facture.<\/p>\n\n\n\n<p>Demandez un devis pour le co\u00fbt total des r\u00e9parations. Certains \u00e9lectriciens d\u2019urgence ou 24\/24 heures ne voudront pas donner une estimation par t\u00e9l\u00e9phone, et voudront \u00e9valuer personnellement d&rsquo;abord la situation de la panne. Mais vous pourriez \u00eatre en mesure d&rsquo;obtenir une estimation approximative et une id\u00e9e du prix si vous informez l\u2019\u00e9lectricien d\u2019urgence au sujet de la situation d&rsquo;urgence de votre d\u00e9pannage. Expliquez bien le sc\u00e9nario \u00e0 votre \u00e9lectricien d&rsquo;urgence et demander le co\u00fbt habituel ou moyen de r\u00e9paration.<\/p>\n\n\n\n<p>Si vous appelez un service d&rsquo;urgence, demandez toujours que l\u2019\u00e9lectricien d&rsquo;urgence vous appelle en premier lieu, de sorte que vous serez en mesure de parler \u00e0 l\u2019\u00e9lectricien personnellement et obtenir une meilleure estimation du co\u00fbt.<\/p>\n\n\n\n<p>Je suis moi-m\u00eame en mesure de r\u00e9pondre \u00e0 votre demande.<br data-rich-text-line-break=\"true\" \/>Vous pouvez aussi me contacter <a href=\"https:\/\/plm-developpement.fr\/index.php\/contact\/\" target=\"_blank\" rel=\"noopener\"><span style=\"text-decoration: underline; color: #0000ff;\"><strong>Cliquez ici<\/strong><\/span><\/a><\/p>\n\n\n\n<p>Source de l&rsquo;article: http:\/\/EzineArticles.com\/expert\/Aima_Carmela_Monteblanco\/1128066<\/p>\n","protected":false},"excerpt":{"rendered":"<p>Avez-vous vraiment besoin d&rsquo;un \u00e9lectricien d&rsquo;urgence ? Eh oui on recherche en urgence un \u00e9lectricien, si vous construisez votre maison, probablement pas, mais si \u00e0 l&rsquo;int\u00e9rieur de votre maison le courant se coupe soudainement et que vous ne pouvez plus r\u00e9tablir le courant, vous en avez besoin. Il y a&#8230;<\/p>\n<p> <a class=\"continue-reading-link\" href=\"https:\/\/plm-developpement.fr\/index.php\/recherche-durgence-electricien\/\"><span>Continue reading<\/span><i class=\"crycon-right-dir\"><\/i><\/a> <\/p>\n","protected":false},"author":1,"featured_media":0,"parent":0,"menu_order":0,"comment_status":"closed","ping_status":"closed","template":"","meta":{"_uag_custom_page_level_css":"","footnotes":""},"class_list":["post-305","page","type-page","status-publish","hentry"],"uagb_featured_image_src":{"full":false,"thumbnail":false,"medium":false,"medium_large":false,"large":false,"1536x1536":false,"2048x2048":false,"post-thumbnail":false,"header":false,"slider":false,"columns":false,"custom":false,"jetpack-portfolio-admin-thumb":false},"uagb_author_info":{"display_name":"admin9051","author_link":"https:\/\/plm-developpement.fr\/index.php\/author\/admin9051\/"},"uagb_comment_info":0,"uagb_excerpt":"Avez-vous vraiment besoin d&rsquo;un \u00e9lectricien d&rsquo;urgence ? Eh oui on recherche en urgence un \u00e9lectricien, si vous construisez votre maison, probablement pas, mais si \u00e0 l&rsquo;int\u00e9rieur de votre maison le courant se coupe soudainement et que vous ne pouvez plus r\u00e9tablir le courant, vous en avez besoin. Il y a... Continue reading","jetpack_sharing_enabled":true,"_links":{"self":[{"href":"https:\/\/plm-developpement.fr\/index.php\/wp-json\/wp\/v2\/pages\/305","targetHints":{"allow":["GET"]}}],"collection":[{"href":"https:\/\/plm-developpement.fr\/index.php\/wp-json\/wp\/v2\/pages"}],"about":[{"href":"https:\/\/plm-developpement.fr\/index.php\/wp-json\/wp\/v2\/types\/page"}],"author":[{"embeddable":true,"href":"https:\/\/plm-developpement.fr\/index.php\/wp-json\/wp\/v2\/users\/1"}],"replies":[{"embeddable":true,"href":"https:\/\/plm-developpement.fr\/index.php\/wp-json\/wp\/v2\/comments?post=305"}],"version-history":[{"count":11,"href":"https:\/\/plm-developpement.fr\/index.php\/wp-json\/wp\/v2\/pages\/305\/revisions"}],"predecessor-version":[{"id":330,"href":"https:\/\/plm-developpement.fr\/index.php\/wp-json\/wp\/v2\/pages\/305\/revisions\/330"}],"wp:attachment":[{"href":"https:\/\/plm-developpement.fr\/index.php\/wp-json\/wp\/v2\/media?parent=305"}],"curies":[{"name":"wp","href":"https:\/\/api.w.org\/{rel}","templated":true}]}}